{"id":570,"date":"2023-10-08T09:43:13","date_gmt":"2023-10-08T09:43:13","guid":{"rendered":"http:\/\/gestoriacabedo.com\/?page_id=570"},"modified":"2023-10-08T10:08:09","modified_gmt":"2023-10-08T10:08:09","slug":"aviso-legal","status":"publish","type":"page","link":"https:\/\/gestoriacabedo.com\/ca\/aviso-legal\/","title":{"rendered":"Av\u00eds Legal"},"content":{"rendered":"<style>.elementor-570 .elementor-element.elementor-element-78af9a36:not(.elementor-motion-effects-element-type-background), .elementor-570 .elementor-element.elementor-element-78af9a36 > .elementor-motion-effects-container > .elementor-motion-effects-layer{background-image:url(\"https:\/\/gestoriacabedo.com\/wp-content\/uploads\/2023\/10\/GESTORIA-3.jpg\");background-position:center center;background-size:cover;}.elementor-570 .elementor-element.elementor-element-78af9a36 > .elementor-background-overlay{background-color:#000000;opacity:0.5;transition:background 0.3s, border-radius 0.3s, opacity 0.3s;}.elementor-570 .elementor-element.elementor-element-78af9a36 > .elementor-container{max-width:1170px;}.elementor-570 .elementor-element.elementor-element-78af9a36{transition:background 0.3s, border 0.3s, border-radius 0.3s, box-shadow 0.3s;padding:250px 0px 50px 0px;}.elementor-570 .elementor-element.elementor-element-7a6eaefe .elementor-heading-title{font-family:var( --e-global-typography-1474dd7-font-family ), Sans-serif;font-size:var( --e-global-typography-1474dd7-font-size );font-weight:var( --e-global-typography-1474dd7-font-weight );line-height:var( --e-global-typography-1474dd7-line-height );color:#FFFFFF;}.elementor-570 .elementor-element.elementor-element-23a8b99{--display:flex;--flex-direction:column;--container-widget-width:100%;--container-widget-height:initial;--container-widget-flex-grow:0;--container-widget-align-self:initial;--flex-wrap-mobile:wrap;--padding-top:100px;--padding-bottom:100px;--padding-left:20px;--padding-right:20px;}@media(max-width:1024px){.elementor-570 .elementor-element.elementor-element-78af9a36{padding:150px 0px 50px 0px;}.elementor-570 .elementor-element.elementor-element-37d2f1d8 > .elementor-element-populated{margin:0px 0px 0px 10px;--e-column-margin-right:0px;--e-column-margin-left:10px;}.elementor-570 .elementor-element.elementor-element-7a6eaefe .elementor-heading-title{font-size:var( --e-global-typography-1474dd7-font-size );line-height:var( --e-global-typography-1474dd7-line-height );}.elementor-570 .elementor-element.elementor-element-23a8b99{--padding-top:80px;--padding-bottom:80px;--padding-left:20px;--padding-right:20px;}}@media(max-width:767px){.elementor-570 .elementor-element.elementor-element-7a6eaefe .elementor-heading-title{font-size:var( --e-global-typography-1474dd7-font-size );line-height:var( --e-global-typography-1474dd7-line-height );}.elementor-570 .elementor-element.elementor-element-23a8b99{--padding-top:50px;--padding-bottom:50px;--padding-left:20px;--padding-right:20px;}}<\/style>\t\t<div data-elementor-type=\"wp-page\" data-elementor-id=\"570\" class=\"elementor elementor-570\" data-elementor-post-type=\"page\">\n\t\t\t\t\t\t<section class=\"elementor-section elementor-top-section elementor-element elementor-element-78af9a36 elementor-section-boxed elementor-section-height-default elementor-section-height-default\" data-id=\"78af9a36\" data-element_type=\"section\" data-settings=\"{&quot;background_background&quot;:&quot;classic&quot;}\">\n\t\t\t\t\t\t\t<div class=\"elementor-background-overlay\"><\/div>\n\t\t\t\t\t\t\t<div class=\"elementor-container elementor-column-gap-no\">\n\t\t\t\t\t<div class=\"elementor-column elementor-col-100 elementor-top-column elementor-element elementor-element-37d2f1d8\" data-id=\"37d2f1d8\" data-element_type=\"column\">\n\t\t\t<div class=\"elementor-widget-wrap elementor-element-populated\">\n\t\t\t\t\t\t\t<\/div>\n\t\t<\/div>\n\t\t\t\t\t<\/div>\n\t\t<\/section>\n\t\t<div class=\"elementor-element elementor-element-23a8b99 e-flex e-con-boxed e-con e-parent\" data-id=\"23a8b99\" data-element_type=\"container\">\n\t\t\t\t\t<div class=\"e-con-inner\">\n\t\t\t\t<div class=\"elementor-element elementor-element-9585db0 elementor-widget elementor-widget-text-editor\" data-id=\"9585db0\" data-element_type=\"widget\" data-widget_type=\"text-editor.default\">\n\t\t\t\t<div class=\"elementor-widget-container\">\n\t\t\t\t\t\t\t\t\t<div class=\"content_body\"><div id=\"post-893\" class=\"post-893 page type-page status-publish hentry\"><div class=\"container\"><div class=\"section\"><div class=\"post_content\"><p>En compliment de la Llei 34\/2002, de Serveis de la Societat de la Informaci\u00f3 i de Comer\u00e7 Electr\u00f2nic, l&#039;informem que aquesta p\u00e0gina web \u00e9s propietat de <span style=\"font-weight: 400;\">Luis Cabedo Carter<\/span>(d&#039;ara endavant EL &#034;TITULAR&#034;), amb cif: <span style=\"font-weight: 400;\">35004459T<\/span>, amb domicili a <span style=\"font-weight: 400;\">Campoamor, 49 baixos \u2013 08204 Sabadell<\/span>; tel\u00e8fon <span style=\"font-weight: 400;\">93 712 25 22.<\/span><\/p><p class=\"titol text-bold text-uppercase\"><strong>PROPIETAT INTEL\u00b7LECTUAL I INDUSTRIAL<\/strong><\/p><p>Els continguts d&#039;aquest lloc, incloent-hi els textos, imatges i dissenys gr\u00e0fics, pertanyen AL TITULAR, o a tercers que n&#039;han autoritzat el seu \u00fas. EL TITULAR presenta aquests continguts amb finalitats d&#039;informaci\u00f3 i promoci\u00f3. EL TITULAR autoritza la seva utilitzaci\u00f3 exclusivament amb aquestes finalitats. Qualsevol utilitzaci\u00f3 d&#039;aquests dissenys, imatges o textos haur\u00e0 de citar expressament la seva pertinen\u00e7a AL PROPIETARI, que es reserva el dret a iniciar les accions legals oportunes per reparar els danys i perjudicis causats per qualsevol acte que vulneri els seus drets de propietat intel\u00b7lectual o industrial.<\/p><p class=\"titol text-bold text-uppercase\"><strong>EXCLUSI\u00d3 DE RESPONSABILITAT<\/strong><\/p><p>EL TITULAR actua amb la m\u00e0xima dilig\u00e8ncia possible, de manera que les dades i la informaci\u00f3 que ofereix en el seu web \u00e9s la vigent i en la presa de temps, per\u00f2 no garanteix ni es fa responsable de l&#039;exactitud i actualitzaci\u00f3 dels continguts de la web, i es reserva el dret a modificar aquests continguts en qualsevol moment. EL PROPIETARI no ser\u00e0 responsable de la informaci\u00f3 que es pot obtenir a trav\u00e9s d&#039;enlla\u00e7os inclosos en el lloc web.<\/p><p>Les relacions comercials amb els clients es regir\u00e0 per les Condicions Generals que, en el seu cas, puguin ser establerts per part de L&#039;empresa en un document concret a aquest efecte, o per acords concrets que podria ser acordats amb els clients.<\/p><p class=\"titol text-bold text-uppercase\"><strong>TERMES D&#039;\u00daS<\/strong><\/p><p>L&#039;\u00fas d&#039;aquest web implica l&#039;acceptaci\u00f3 plena dels termes i condicions del present av\u00eds legal. Els possibles conflictes relatius a aquest web es regiran exclusivament pel dret de l&#039;Estat espanyol. Tots els usuaris de la p\u00e0gina web, independentment de la jurisdicci\u00f3 territorial des de la qual es produeixi el seu acc\u00e9s, accepta el compliment i respecte d&#039;aquests termes i condicions, amb ren\u00fancia expressa a qualsevol altre fur que li pogu\u00e9s correspondre.<\/p><\/div><\/div><\/div><\/div><\/div><div id=\"footer\" class=\"footer_light\"><div class=\"container\"><div class=\"section\"><div class=\"col span_1_of_2\"><div class=\"wp-block-columns is-layout-flex wp-container-3 wp-block-columns-is-layout-flex\"><div class=\"wp-block-column is-layout-flow wp-block-column-is-layout-flow\">\u00a0<\/div><\/div><\/div><\/div><\/div><\/div>\t\t\t\t\t\t\t\t<\/div>\n\t\t\t\t<\/div>\n\t\t\t\t\t<\/div>\n\t\t\t\t<\/div>\n\t\t\t\t<\/div>","protected":false},"excerpt":{"rendered":"<p>De conformidad con la Ley 34\/2002, de Servicios de la Sociedad de la Informaci\u00f3n y de Comercio Electr\u00f3nico, le informamos que esta web es titularidad de Luis Cabedo Carretero, (en adelante \u201cEL TITULAR\u201d), con NIF: 35004459T, con domicilio en Campoamor, 49 bajos &#8211; 08204 Sabadell; tel\u00e9fono 93 712 25 22. PROPIEDAD INTELECTUAL E INDUSTRIAL Los&hellip;&nbsp;<a href=\"https:\/\/gestoriacabedo.com\/ca\/aviso-legal\/\" rel=\"bookmark\"><span class=\"screen-reader-text\">Av\u00eds Legal<\/span><\/a><\/p>","protected":false},"author":1,"featured_media":0,"parent":0,"menu_order":0,"comment_status":"closed","ping_status":"closed","template":"page-templates\/template-pagebuilder-full-width.php","meta":{"neve_meta_sidebar":"","neve_meta_container":"","neve_meta_enable_content_width":"off","neve_meta_content_width":100,"neve_meta_title_alignment":"","neve_meta_author_avatar":"","neve_post_elements_order":"","neve_meta_disable_header":"","neve_meta_disable_footer":"","neve_meta_disable_title":"","footnotes":""},"class_list":["post-570","page","type-page","status-publish","hentry"],"yoast_head":"<!-- This site is optimized with the Yoast SEO plugin v26.7 - https:\/\/yoast.com\/wordpress\/plugins\/seo\/ -->\n<title>Aviso legal - Gestor\u00eda Cabedo<\/title>\n<meta name=\"robots\" content=\"index, follow, max-snippet:-1, max-image-preview:large, max-video-preview:-1\" \/>\n<link rel=\"canonical\" href=\"https:\/\/gestoriacabedo.com\/ca\/aviso-legal\/\" \/>\n<meta property=\"og:locale\" content=\"ca_ES\" \/>\n<meta property=\"og:type\" content=\"article\" \/>\n<meta property=\"og:title\" content=\"Aviso legal - Gestor\u00eda Cabedo\" \/>\n<meta property=\"og:description\" content=\"De conformidad con la Ley 34\/2002, de Servicios de la Sociedad de la Informaci\u00f3n y de Comercio Electr\u00f3nico, le informamos que esta web es titularidad de Luis Cabedo Carretero, (en adelante \u201cEL TITULAR\u201d), con NIF: 35004459T, con domicilio en Campoamor, 49 bajos &#8211; 08204 Sabadell; tel\u00e9fono 93 712 25 22. PROPIEDAD INTELECTUAL E INDUSTRIAL Los&hellip;&nbsp;Aviso legal\" \/>\n<meta property=\"og:url\" content=\"https:\/\/gestoriacabedo.com\/ca\/aviso-legal\/\" \/>\n<meta property=\"og:site_name\" content=\"Gestor\u00eda Cabedo\" \/>\n<meta property=\"article:modified_time\" content=\"2023-10-08T10:08:09+00:00\" \/>\n<meta name=\"twitter:card\" content=\"summary_large_image\" \/>\n<meta name=\"twitter:label1\" content=\"Temps estimat de lectura\" \/>\n\t<meta name=\"twitter:data1\" content=\"2 minuts\" \/>\n<script type=\"application\/ld+json\" class=\"yoast-schema-graph\">{\"@context\":\"https:\/\/schema.org\",\"@graph\":[{\"@type\":\"WebPage\",\"@id\":\"https:\/\/gestoriacabedo.com\/aviso-legal\/\",\"url\":\"https:\/\/gestoriacabedo.com\/aviso-legal\/\",\"name\":\"Aviso legal - Gestor\u00eda Cabedo\",\"isPartOf\":{\"@id\":\"https:\/\/gestoriacabedo.com\/#website\"},\"datePublished\":\"2023-10-08T09:43:13+00:00\",\"dateModified\":\"2023-10-08T10:08:09+00:00\",\"breadcrumb\":{\"@id\":\"https:\/\/gestoriacabedo.com\/aviso-legal\/#breadcrumb\"},\"inLanguage\":\"ca\",\"potentialAction\":[{\"@type\":\"ReadAction\",\"target\":[\"https:\/\/gestoriacabedo.com\/aviso-legal\/\"]}]},{\"@type\":\"BreadcrumbList\",\"@id\":\"https:\/\/gestoriacabedo.com\/aviso-legal\/#breadcrumb\",\"itemListElement\":[{\"@type\":\"ListItem\",\"position\":1,\"name\":\"Portada\",\"item\":\"https:\/\/gestoriacabedo.com\/es\/\"},{\"@type\":\"ListItem\",\"position\":2,\"name\":\"Aviso legal\"}]},{\"@type\":\"WebSite\",\"@id\":\"https:\/\/gestoriacabedo.com\/#website\",\"url\":\"https:\/\/gestoriacabedo.com\/\",\"name\":\"Gestor\u00eda Cabedo\",\"description\":\"\",\"potentialAction\":[{\"@type\":\"SearchAction\",\"target\":{\"@type\":\"EntryPoint\",\"urlTemplate\":\"https:\/\/gestoriacabedo.com\/?s={search_term_string}\"},\"query-input\":{\"@type\":\"PropertyValueSpecification\",\"valueRequired\":true,\"valueName\":\"search_term_string\"}}],\"inLanguage\":\"ca\"}]}<\/script>\n<!-- \/ Yoast SEO plugin. -->","yoast_head_json":{"title":"Aviso legal - Gestor\u00eda Cabedo","robots":{"index":"index","follow":"follow","max-snippet":"max-snippet:-1","max-image-preview":"max-image-preview:large","max-video-preview":"max-video-preview:-1"},"canonical":"https:\/\/gestoriacabedo.com\/ca\/aviso-legal\/","og_locale":"ca_ES","og_type":"article","og_title":"Aviso legal - Gestor\u00eda Cabedo","og_description":"De conformidad con la Ley 34\/2002, de Servicios de la Sociedad de la Informaci\u00f3n y de Comercio Electr\u00f3nico, le informamos que esta web es titularidad de Luis Cabedo Carretero, (en adelante \u201cEL TITULAR\u201d), con NIF: 35004459T, con domicilio en Campoamor, 49 bajos &#8211; 08204 Sabadell; tel\u00e9fono 93 712 25 22. PROPIEDAD INTELECTUAL E INDUSTRIAL Los&hellip;&nbsp;Aviso legal","og_url":"https:\/\/gestoriacabedo.com\/ca\/aviso-legal\/","og_site_name":"Gestor\u00eda Cabedo","article_modified_time":"2023-10-08T10:08:09+00:00","twitter_card":"summary_large_image","twitter_misc":{"Temps estimat de lectura":"2 minuts"},"schema":{"@context":"https:\/\/schema.org","@graph":[{"@type":"WebPage","@id":"https:\/\/gestoriacabedo.com\/aviso-legal\/","url":"https:\/\/gestoriacabedo.com\/aviso-legal\/","name":"Aviso legal - Gestor\u00eda Cabedo","isPartOf":{"@id":"https:\/\/gestoriacabedo.com\/#website"},"datePublished":"2023-10-08T09:43:13+00:00","dateModified":"2023-10-08T10:08:09+00:00","breadcrumb":{"@id":"https:\/\/gestoriacabedo.com\/aviso-legal\/#breadcrumb"},"inLanguage":"ca","potentialAction":[{"@type":"ReadAction","target":["https:\/\/gestoriacabedo.com\/aviso-legal\/"]}]},{"@type":"BreadcrumbList","@id":"https:\/\/gestoriacabedo.com\/aviso-legal\/#breadcrumb","itemListElement":[{"@type":"ListItem","position":1,"name":"Portada","item":"https:\/\/gestoriacabedo.com\/es\/"},{"@type":"ListItem","position":2,"name":"Aviso legal"}]},{"@type":"WebSite","@id":"https:\/\/gestoriacabedo.com\/#website","url":"https:\/\/gestoriacabedo.com\/","name":"Ag\u00e8ncia Cabedo","description":"","potentialAction":[{"@type":"SearchAction","target":{"@type":"EntryPoint","urlTemplate":"https:\/\/gestoriacabedo.com\/?s={search_term_string}"},"query-input":{"@type":"PropertyValueSpecification","valueRequired":true,"valueName":"search_term_string"}}],"inLanguage":"ca"}]}},"_links":{"self":[{"href":"https:\/\/gestoriacabedo.com\/ca\/wp-json\/wp\/v2\/pages\/570","targetHints":{"allow":["GET"]}}],"collection":[{"href":"https:\/\/gestoriacabedo.com\/ca\/wp-json\/wp\/v2\/pages"}],"about":[{"href":"https:\/\/gestoriacabedo.com\/ca\/wp-json\/wp\/v2\/types\/page"}],"author":[{"embeddable":true,"href":"https:\/\/gestoriacabedo.com\/ca\/wp-json\/wp\/v2\/users\/1"}],"replies":[{"embeddable":true,"href":"https:\/\/gestoriacabedo.com\/ca\/wp-json\/wp\/v2\/comments?post=570"}],"version-history":[{"count":7,"href":"https:\/\/gestoriacabedo.com\/ca\/wp-json\/wp\/v2\/pages\/570\/revisions"}],"predecessor-version":[{"id":609,"href":"https:\/\/gestoriacabedo.com\/ca\/wp-json\/wp\/v2\/pages\/570\/revisions\/609"}],"wp:attachment":[{"href":"https:\/\/gestoriacabedo.com\/ca\/wp-json\/wp\/v2\/media?parent=570"}],"curies":[{"name":"wp","href":"https:\/\/api.w.org\/{rel}","templated":true}]}}