{"id":592,"date":"2023-10-08T10:01:18","date_gmt":"2023-10-08T10:01:18","guid":{"rendered":"http:\/\/gestoriacabedo.com\/?page_id=592"},"modified":"2023-10-08T10:08:45","modified_gmt":"2023-10-08T10:08:45","slug":"declaracion-de-accesibilidad","status":"publish","type":"page","link":"https:\/\/gestoriacabedo.com\/ca\/declaracion-de-accesibilidad\/","title":{"rendered":"Declaraci\u00f3 d&#039;accessibilitat"},"content":{"rendered":"<style>.elementor-592 .elementor-element.elementor-element-78af9a36:not(.elementor-motion-effects-element-type-background), .elementor-592 .elementor-element.elementor-element-78af9a36 > .elementor-motion-effects-container > .elementor-motion-effects-layer{background-image:url(\"https:\/\/gestoriacabedo.com\/wp-content\/uploads\/2023\/10\/GESTORIA-3.jpg\");background-position:center center;background-size:cover;}.elementor-592 .elementor-element.elementor-element-78af9a36 > .elementor-background-overlay{background-color:#000000;opacity:0.5;transition:background 0.3s, border-radius 0.3s, opacity 0.3s;}.elementor-592 .elementor-element.elementor-element-78af9a36 > .elementor-container{max-width:1170px;}.elementor-592 .elementor-element.elementor-element-78af9a36{transition:background 0.3s, border 0.3s, border-radius 0.3s, box-shadow 0.3s;padding:250px 0px 50px 0px;}.elementor-592 .elementor-element.elementor-element-7a6eaefe .elementor-heading-title{font-family:var( --e-global-typography-1474dd7-font-family ), Sans-serif;font-size:var( --e-global-typography-1474dd7-font-size );font-weight:var( --e-global-typography-1474dd7-font-weight );line-height:var( --e-global-typography-1474dd7-line-height );color:#FFFFFF;}.elementor-592 .elementor-element.elementor-element-23a8b99{--display:flex;--flex-direction:column;--container-widget-width:100%;--container-widget-height:initial;--container-widget-flex-grow:0;--container-widget-align-self:initial;--flex-wrap-mobile:wrap;--padding-top:100px;--padding-bottom:100px;--padding-left:20px;--padding-right:20px;}@media(max-width:1024px){.elementor-592 .elementor-element.elementor-element-78af9a36{padding:150px 0px 50px 0px;}.elementor-592 .elementor-element.elementor-element-37d2f1d8 > .elementor-element-populated{margin:0px 0px 0px 10px;--e-column-margin-right:0px;--e-column-margin-left:10px;}.elementor-592 .elementor-element.elementor-element-7a6eaefe .elementor-heading-title{font-size:var( --e-global-typography-1474dd7-font-size );line-height:var( --e-global-typography-1474dd7-line-height );}.elementor-592 .elementor-element.elementor-element-23a8b99{--padding-top:80px;--padding-bottom:80px;--padding-left:20px;--padding-right:20px;}}@media(max-width:767px){.elementor-592 .elementor-element.elementor-element-7a6eaefe .elementor-heading-title{font-size:var( --e-global-typography-1474dd7-font-size );line-height:var( --e-global-typography-1474dd7-line-height );}.elementor-592 .elementor-element.elementor-element-23a8b99{--padding-top:50px;--padding-bottom:50px;--padding-left:20px;--padding-right:20px;}}<\/style>\t\t<div data-elementor-type=\"wp-page\" data-elementor-id=\"592\" class=\"elementor elementor-592\" data-elementor-post-type=\"page\">\n\t\t\t\t\t\t<section class=\"elementor-section elementor-top-section elementor-element elementor-element-78af9a36 elementor-section-boxed elementor-section-height-default elementor-section-height-default\" data-id=\"78af9a36\" data-element_type=\"section\" data-settings=\"{&quot;background_background&quot;:&quot;classic&quot;}\">\n\t\t\t\t\t\t\t<div class=\"elementor-background-overlay\"><\/div>\n\t\t\t\t\t\t\t<div class=\"elementor-container elementor-column-gap-no\">\n\t\t\t\t\t<div class=\"elementor-column elementor-col-100 elementor-top-column elementor-element elementor-element-37d2f1d8\" data-id=\"37d2f1d8\" data-element_type=\"column\">\n\t\t\t<div class=\"elementor-widget-wrap elementor-element-populated\">\n\t\t\t\t\t\t\t<\/div>\n\t\t<\/div>\n\t\t\t\t\t<\/div>\n\t\t<\/section>\n\t\t<div class=\"elementor-element elementor-element-23a8b99 e-flex e-con-boxed e-con e-parent\" data-id=\"23a8b99\" data-element_type=\"container\">\n\t\t\t\t\t<div class=\"e-con-inner\">\n\t\t\t\t<div class=\"elementor-element elementor-element-9585db0 elementor-widget elementor-widget-text-editor\" data-id=\"9585db0\" data-element_type=\"widget\" data-widget_type=\"text-editor.default\">\n\t\t\t\t<div class=\"elementor-widget-container\">\n\t\t\t\t\t\t\t\t\t<div class=\"content_body\"><div id=\"post-1144\" class=\"post-1144 page type-page status-publish hentry\"><div class=\"container\"><div class=\"section\"><div class=\"post_content\"><div class=\"nv-content-wrap entry-content\"><p><span style=\"font-weight: 400;\">Luis Cabedo Carter<\/span>\u00a0\u00e9s amb la voluntat de fer accessible el lloc web, d&#039;acord amb el Reial Decret 1112\/2018 de 7 de setembre, sobre l&#039;accessibilitat dels llocs web i aplicacions per a m\u00f2bils del sector p\u00fablic.<\/p><p>Aquesta accessibilitat declaraci\u00f3 s&#039;aplica a la p\u00e0gina web\u00a0<a href=\"http:\/\/gestoriacabedo.com\/ca\/\"><span style=\"font-weight: 400;\">gestoriacabedo.com<\/span><\/a><\/p><p><strong>Estat de compliment<\/strong><\/p><p>Aquest web est\u00e0 desenvolupat d&#039;acord amb el RD 1112\/2018<\/p><p><strong>Preparaci\u00f3 per a la seg\u00fcent declaraci\u00f3 d&#039;accessibilitat<\/strong><\/p><p>Aquesta declaraci\u00f3 va ser elaborada el 2 de gener de 2023.<\/p><p>El m\u00e8tode utilitzat per preparar la declaraci\u00f3 ha estat a l&#039;auto-avaluaci\u00f3.<\/p><p><strong>Observacions i dades de contacte<\/strong><\/p><p>Podeu realitzar les comunicacions relatives als requisits d&#039;accessibilitat (article 10.2.a la RD 1112\/2018) com, per exemple:<\/p><ul><li>Informe de possibles errades en la part d&#039;aquest lloc web<\/li><li>Per transmetre altres dificultats d&#039;acc\u00e9s al contingut<\/li><li>Tenim altres dubtes o suggeriments de millora sobre l&#039;accessibilitat de la web<\/li><\/ul><p>a trav\u00e9s de la\u00a0<a href=\"http:\/\/gestoriacabedo.com\/ca\/contacto\/\">formulari de contacte<\/a> d&#039;aquest lloc web o a trav\u00e9s del n\u00famero de tel\u00e8fon <a href=\"tel:937122522\">(+34) <span style=\"font-weight: 400;\">93 712 25 22.<\/span><\/a><\/p><p>Podeu enviar:<\/p><ul><li>Queixa sobre el compliment de les exig\u00e8ncies del RD 1112\/2018 o<\/li><li>L&#039;aplicaci\u00f3 d&#039;accedir a la Informaci\u00f3 relacionada a:<ul><li>Continguts que estan exclosos de l&#039;\u00e0mbit d&#039;aplicaci\u00f3 del RD 1112\/2018 que estableix l&#039;article 3, par\u00e0graf 4<\/li><li>Els continguts que s\u00f3n exempts del compliment dels requisits d&#039;accessibilitat per a imposar una c\u00e0rrega desproporcionada<\/li><\/ul><\/li><\/ul><p>A la Sol\u00b7licitud d&#039;informaci\u00f3 accessible, s&#039;han de donar compte, amb tota claredat, els fets, raons i petici\u00f3 que permet veure que aquesta petici\u00f3 \u00e9s raonable i leg\u00edtim.<\/p><p>Les queixes o reclamacions sobre la informaci\u00f3 accessible s&#039;ha de fer a trav\u00e9s de la seu electr\u00f2nica (<a href=\"https:\/\/sede.red.gob.es\/procedimientos\/quejas-y-sugerencias\">https:\/\/sede.red.gob.es\/procedimientos\/quejas-y-sugerencias)<\/a>i seran rebuts i tractats per l&#039;\u00e0rea de Sistemes de la Informaci\u00f3 de la Xarxa.\u00e9s.<\/p><p><strong>Opcional contingut<\/strong><\/p><p>Si voleu canviar la mida de la lletra del text en el principal gr\u00e0fica navegadors web utilitza els seg\u00fcents men\u00fas:<\/p><ul><li>Internet Explorer, Mozilla i Firefox: Visualitza &gt; Mida del text<\/li><li>\u00d2pera: Veure &gt; Zoom<\/li><li>Safari: Visualitza &gt; Fer m\u00e9s gran el text<\/li><li>Chrome: Controls de la p\u00e0gina actual &gt; Mida del text<\/li><li>Per canviar la mida dels elements de la p\u00e0gina:<ul><li>Ctrl + + per augmentar<\/li><li>Ctrl + \u2013 per a disminuir<\/li><li>Ctrl + 0 per restaurar la mida original del text<\/li><li>Si el que vols \u00e9s substituir el full d&#039;estil o modificar el color del text, que podeu consultar a la p\u00e0gina Com Canviar la Mida del Text o Colors de la WAI, que es pot llegir tradu\u00eft a l&#039;espanyol en Com canviar la mida del text o de colors?<\/li><\/ul><\/li><\/ul><\/div><\/div><\/div><\/div><\/div><\/div><div id=\"footer\" class=\"footer_light\"><div class=\"container\"><div class=\"section\"><div class=\"col span_1_of_2\">\u00a0<\/div><\/div><\/div><\/div>\t\t\t\t\t\t\t\t<\/div>\n\t\t\t\t<\/div>\n\t\t\t\t\t<\/div>\n\t\t\t\t<\/div>\n\t\t\t\t<\/div>","protected":false},"excerpt":{"rendered":"<p>Luis Cabedo Carretero\u00a0se ha comprometido a hacer accesible su sitio web, de conformidad con el Real Decreto 1112\/2018, de 7 de septiembre, sobre accesibilidad de los sitios web y aplicaciones para dispositivos m\u00f3viles del sector p\u00fablico. La presente declaraci\u00f3n de accesibilidad se aplica al sitio web\u00a0gestoriacabedo.com Situaci\u00f3n de cumplimiento Este sitio web se encuentra desarrollado&hellip;&nbsp;<a href=\"https:\/\/gestoriacabedo.com\/ca\/declaracion-de-accesibilidad\/\" rel=\"bookmark\"><span class=\"screen-reader-text\">Declaraci\u00f3 d&#039;accessibilitat<\/span><\/a><\/p>","protected":false},"author":1,"featured_media":0,"parent":0,"menu_order":0,"comment_status":"closed","ping_status":"closed","template":"page-templates\/template-pagebuilder-full-width.php","meta":{"neve_meta_sidebar":"","neve_meta_container":"","neve_meta_enable_content_width":"off","neve_meta_content_width":100,"neve_meta_title_alignment":"","neve_meta_author_avatar":"","neve_post_elements_order":"","neve_meta_disable_header":"","neve_meta_disable_footer":"","neve_meta_disable_title":"","footnotes":""},"class_list":["post-592","page","type-page","status-publish","hentry"],"yoast_head":"<!-- This site is optimized with the Yoast SEO plugin v26.7 - https:\/\/yoast.com\/wordpress\/plugins\/seo\/ -->\n<title>Declaraci\u00f3n de accesibilidad - Gestor\u00eda Cabedo<\/title>\n<meta name=\"robots\" content=\"index, follow, max-snippet:-1, max-image-preview:large, max-video-preview:-1\" \/>\n<link rel=\"canonical\" href=\"https:\/\/gestoriacabedo.com\/ca\/declaracion-de-accesibilidad\/\" \/>\n<meta property=\"og:locale\" content=\"ca_ES\" \/>\n<meta property=\"og:type\" content=\"article\" \/>\n<meta property=\"og:title\" content=\"Declaraci\u00f3n de accesibilidad - Gestor\u00eda Cabedo\" \/>\n<meta property=\"og:description\" content=\"Luis Cabedo Carretero\u00a0se ha comprometido a hacer accesible su sitio web, de conformidad con el Real Decreto 1112\/2018, de 7 de septiembre, sobre accesibilidad de los sitios web y aplicaciones para dispositivos m\u00f3viles del sector p\u00fablico. La presente declaraci\u00f3n de accesibilidad se aplica al sitio web\u00a0gestoriacabedo.com Situaci\u00f3n de cumplimiento Este sitio web se encuentra desarrollado&hellip;&nbsp;Declaraci\u00f3n de accesibilidad\" \/>\n<meta property=\"og:url\" content=\"https:\/\/gestoriacabedo.com\/ca\/declaracion-de-accesibilidad\/\" \/>\n<meta property=\"og:site_name\" content=\"Gestor\u00eda Cabedo\" \/>\n<meta property=\"article:modified_time\" content=\"2023-10-08T10:08:45+00:00\" \/>\n<meta name=\"twitter:card\" content=\"summary_large_image\" \/>\n<meta name=\"twitter:label1\" content=\"Temps estimat de lectura\" \/>\n\t<meta name=\"twitter:data1\" content=\"2 minuts\" \/>\n<script type=\"application\/ld+json\" class=\"yoast-schema-graph\">{\"@context\":\"https:\/\/schema.org\",\"@graph\":[{\"@type\":\"WebPage\",\"@id\":\"https:\/\/gestoriacabedo.com\/declaracion-de-accesibilidad\/\",\"url\":\"https:\/\/gestoriacabedo.com\/declaracion-de-accesibilidad\/\",\"name\":\"Declaraci\u00f3n de accesibilidad - Gestor\u00eda Cabedo\",\"isPartOf\":{\"@id\":\"https:\/\/gestoriacabedo.com\/#website\"},\"datePublished\":\"2023-10-08T10:01:18+00:00\",\"dateModified\":\"2023-10-08T10:08:45+00:00\",\"breadcrumb\":{\"@id\":\"https:\/\/gestoriacabedo.com\/declaracion-de-accesibilidad\/#breadcrumb\"},\"inLanguage\":\"ca\",\"potentialAction\":[{\"@type\":\"ReadAction\",\"target\":[\"https:\/\/gestoriacabedo.com\/declaracion-de-accesibilidad\/\"]}]},{\"@type\":\"BreadcrumbList\",\"@id\":\"https:\/\/gestoriacabedo.com\/declaracion-de-accesibilidad\/#breadcrumb\",\"itemListElement\":[{\"@type\":\"ListItem\",\"position\":1,\"name\":\"Portada\",\"item\":\"https:\/\/gestoriacabedo.com\/es\/\"},{\"@type\":\"ListItem\",\"position\":2,\"name\":\"Declaraci\u00f3n de accesibilidad\"}]},{\"@type\":\"WebSite\",\"@id\":\"https:\/\/gestoriacabedo.com\/#website\",\"url\":\"https:\/\/gestoriacabedo.com\/\",\"name\":\"Gestor\u00eda Cabedo\",\"description\":\"\",\"potentialAction\":[{\"@type\":\"SearchAction\",\"target\":{\"@type\":\"EntryPoint\",\"urlTemplate\":\"https:\/\/gestoriacabedo.com\/?s={search_term_string}\"},\"query-input\":{\"@type\":\"PropertyValueSpecification\",\"valueRequired\":true,\"valueName\":\"search_term_string\"}}],\"inLanguage\":\"ca\"}]}<\/script>\n<!-- \/ Yoast SEO plugin. -->","yoast_head_json":{"title":"Declaraci\u00f3n de accesibilidad - Gestor\u00eda Cabedo","robots":{"index":"index","follow":"follow","max-snippet":"max-snippet:-1","max-image-preview":"max-image-preview:large","max-video-preview":"max-video-preview:-1"},"canonical":"https:\/\/gestoriacabedo.com\/ca\/declaracion-de-accesibilidad\/","og_locale":"ca_ES","og_type":"article","og_title":"Declaraci\u00f3n de accesibilidad - Gestor\u00eda Cabedo","og_description":"Luis Cabedo Carretero\u00a0se ha comprometido a hacer accesible su sitio web, de conformidad con el Real Decreto 1112\/2018, de 7 de septiembre, sobre accesibilidad de los sitios web y aplicaciones para dispositivos m\u00f3viles del sector p\u00fablico. La presente declaraci\u00f3n de accesibilidad se aplica al sitio web\u00a0gestoriacabedo.com Situaci\u00f3n de cumplimiento Este sitio web se encuentra desarrollado&hellip;&nbsp;Declaraci\u00f3n de accesibilidad","og_url":"https:\/\/gestoriacabedo.com\/ca\/declaracion-de-accesibilidad\/","og_site_name":"Gestor\u00eda Cabedo","article_modified_time":"2023-10-08T10:08:45+00:00","twitter_card":"summary_large_image","twitter_misc":{"Temps estimat de lectura":"2 minuts"},"schema":{"@context":"https:\/\/schema.org","@graph":[{"@type":"WebPage","@id":"https:\/\/gestoriacabedo.com\/declaracion-de-accesibilidad\/","url":"https:\/\/gestoriacabedo.com\/declaracion-de-accesibilidad\/","name":"Declaraci\u00f3n de accesibilidad - Gestor\u00eda Cabedo","isPartOf":{"@id":"https:\/\/gestoriacabedo.com\/#website"},"datePublished":"2023-10-08T10:01:18+00:00","dateModified":"2023-10-08T10:08:45+00:00","breadcrumb":{"@id":"https:\/\/gestoriacabedo.com\/declaracion-de-accesibilidad\/#breadcrumb"},"inLanguage":"ca","potentialAction":[{"@type":"ReadAction","target":["https:\/\/gestoriacabedo.com\/declaracion-de-accesibilidad\/"]}]},{"@type":"BreadcrumbList","@id":"https:\/\/gestoriacabedo.com\/declaracion-de-accesibilidad\/#breadcrumb","itemListElement":[{"@type":"ListItem","position":1,"name":"Portada","item":"https:\/\/gestoriacabedo.com\/es\/"},{"@type":"ListItem","position":2,"name":"Declaraci\u00f3n de accesibilidad"}]},{"@type":"WebSite","@id":"https:\/\/gestoriacabedo.com\/#website","url":"https:\/\/gestoriacabedo.com\/","name":"Ag\u00e8ncia Cabedo","description":"","potentialAction":[{"@type":"SearchAction","target":{"@type":"EntryPoint","urlTemplate":"https:\/\/gestoriacabedo.com\/?s={search_term_string}"},"query-input":{"@type":"PropertyValueSpecification","valueRequired":true,"valueName":"search_term_string"}}],"inLanguage":"ca"}]}},"_links":{"self":[{"href":"https:\/\/gestoriacabedo.com\/ca\/wp-json\/wp\/v2\/pages\/592","targetHints":{"allow":["GET"]}}],"collection":[{"href":"https:\/\/gestoriacabedo.com\/ca\/wp-json\/wp\/v2\/pages"}],"about":[{"href":"https:\/\/gestoriacabedo.com\/ca\/wp-json\/wp\/v2\/types\/page"}],"author":[{"embeddable":true,"href":"https:\/\/gestoriacabedo.com\/ca\/wp-json\/wp\/v2\/users\/1"}],"replies":[{"embeddable":true,"href":"https:\/\/gestoriacabedo.com\/ca\/wp-json\/wp\/v2\/comments?post=592"}],"version-history":[{"count":10,"href":"https:\/\/gestoriacabedo.com\/ca\/wp-json\/wp\/v2\/pages\/592\/revisions"}],"predecessor-version":[{"id":618,"href":"https:\/\/gestoriacabedo.com\/ca\/wp-json\/wp\/v2\/pages\/592\/revisions\/618"}],"wp:attachment":[{"href":"https:\/\/gestoriacabedo.com\/ca\/wp-json\/wp\/v2\/media?parent=592"}],"curies":[{"name":"wp","href":"https:\/\/api.w.org\/{rel}","templated":true}]}}