{"id":570,"date":"2023-10-08T09:43:13","date_gmt":"2023-10-08T09:43:13","guid":{"rendered":"http:\/\/gestoriacabedo.com\/?page_id=570"},"modified":"2023-10-08T10:08:09","modified_gmt":"2023-10-08T10:08:09","slug":"aviso-legal","status":"publish","type":"page","link":"https:\/\/gestoriacabedo.com\/es\/aviso-legal\/","title":{"rendered":"Aviso legal"},"content":{"rendered":"<style>.elementor-570 .elementor-element.elementor-element-78af9a36:not(.elementor-motion-effects-element-type-background), .elementor-570 .elementor-element.elementor-element-78af9a36 > .elementor-motion-effects-container > .elementor-motion-effects-layer{background-image:url(\"https:\/\/gestoriacabedo.com\/wp-content\/uploads\/2023\/10\/GESTORIA-3.jpg\");background-position:center center;background-size:cover;}.elementor-570 .elementor-element.elementor-element-78af9a36 > .elementor-background-overlay{background-color:#000000;opacity:0.5;transition:background 0.3s, border-radius 0.3s, opacity 0.3s;}.elementor-570 .elementor-element.elementor-element-78af9a36 > .elementor-container{max-width:1170px;}.elementor-570 .elementor-element.elementor-element-78af9a36{transition:background 0.3s, border 0.3s, border-radius 0.3s, box-shadow 0.3s;padding:250px 0px 50px 0px;}.elementor-570 .elementor-element.elementor-element-7a6eaefe .elementor-heading-title{font-family:var( --e-global-typography-1474dd7-font-family ), Sans-serif;font-size:var( --e-global-typography-1474dd7-font-size );font-weight:var( --e-global-typography-1474dd7-font-weight );line-height:var( --e-global-typography-1474dd7-line-height );color:#FFFFFF;}.elementor-570 .elementor-element.elementor-element-23a8b99{--display:flex;--flex-direction:column;--container-widget-width:100%;--container-widget-height:initial;--container-widget-flex-grow:0;--container-widget-align-self:initial;--flex-wrap-mobile:wrap;--padding-top:100px;--padding-bottom:100px;--padding-left:20px;--padding-right:20px;}@media(max-width:1024px){.elementor-570 .elementor-element.elementor-element-78af9a36{padding:150px 0px 50px 0px;}.elementor-570 .elementor-element.elementor-element-37d2f1d8 > .elementor-element-populated{margin:0px 0px 0px 10px;--e-column-margin-right:0px;--e-column-margin-left:10px;}.elementor-570 .elementor-element.elementor-element-7a6eaefe .elementor-heading-title{font-size:var( --e-global-typography-1474dd7-font-size );line-height:var( --e-global-typography-1474dd7-line-height );}.elementor-570 .elementor-element.elementor-element-23a8b99{--padding-top:80px;--padding-bottom:80px;--padding-left:20px;--padding-right:20px;}}@media(max-width:767px){.elementor-570 .elementor-element.elementor-element-7a6eaefe .elementor-heading-title{font-size:var( --e-global-typography-1474dd7-font-size );line-height:var( --e-global-typography-1474dd7-line-height );}.elementor-570 .elementor-element.elementor-element-23a8b99{--padding-top:50px;--padding-bottom:50px;--padding-left:20px;--padding-right:20px;}}<\/style>\t\t<div data-elementor-type=\"wp-page\" data-elementor-id=\"570\" class=\"elementor elementor-570\" data-elementor-post-type=\"page\">\n\t\t\t\t\t\t<section class=\"elementor-section elementor-top-section elementor-element elementor-element-78af9a36 elementor-section-boxed elementor-section-height-default elementor-section-height-default\" data-id=\"78af9a36\" data-element_type=\"section\" data-settings=\"{&quot;background_background&quot;:&quot;classic&quot;}\">\n\t\t\t\t\t\t\t<div class=\"elementor-background-overlay\"><\/div>\n\t\t\t\t\t\t\t<div class=\"elementor-container elementor-column-gap-no\">\n\t\t\t\t\t<div class=\"elementor-column elementor-col-100 elementor-top-column elementor-element elementor-element-37d2f1d8\" data-id=\"37d2f1d8\" data-element_type=\"column\">\n\t\t\t<div class=\"elementor-widget-wrap elementor-element-populated\">\n\t\t\t\t\t\t\t<\/div>\n\t\t<\/div>\n\t\t\t\t\t<\/div>\n\t\t<\/section>\n\t\t<div class=\"elementor-element elementor-element-23a8b99 e-flex e-con-boxed e-con e-parent\" data-id=\"23a8b99\" data-element_type=\"container\">\n\t\t\t\t\t<div class=\"e-con-inner\">\n\t\t\t\t<div class=\"elementor-element elementor-element-9585db0 elementor-widget elementor-widget-text-editor\" data-id=\"9585db0\" data-element_type=\"widget\" data-widget_type=\"text-editor.default\">\n\t\t\t\t<div class=\"elementor-widget-container\">\n\t\t\t\t\t\t\t\t\t<div class=\"content_body\"><div id=\"post-893\" class=\"post-893 page type-page status-publish hentry\"><div class=\"container\"><div class=\"section\"><div class=\"post_content\"><p>De conformidad con la Ley 34\/2002, de Servicios de la Sociedad de la Informaci\u00f3n y de Comercio Electr\u00f3nico, le informamos que esta web es titularidad de <span style=\"font-weight: 400;\">Luis Cabedo Carretero<\/span>, (en adelante \u201cEL TITULAR\u201d), con NIF: <span style=\"font-weight: 400;\">35004459T<\/span>, con domicilio en <span style=\"font-weight: 400;\">Campoamor, 49 bajos &#8211; 08204 Sabadell<\/span>; tel\u00e9fono <span style=\"font-weight: 400;\">93 712 25 22.<\/span><\/p><p class=\"titol text-bold text-uppercase \"><strong>PROPIEDAD INTELECTUAL E INDUSTRIAL<\/strong><\/p><p>Los contenidos de este sitio, incluyendo los textos, im\u00e1genes y dise\u00f1os gr\u00e1ficos, pertenecen a EL TITULAR, o a terceros que han autorizado su uso. EL TITULAR presenta estos contenidos con fines de informaci\u00f3n y promoci\u00f3n. EL TITULAR autoriza su utilizaci\u00f3n exclusivamente con estas finalidades. Cualquier utilizaci\u00f3n de estos dise\u00f1os, im\u00e1genes o textos deber\u00e1 citar expresamente su pertenencia a EL TITULAR, quien se reserva el derecho a iniciar las acciones legales oportunas para reparar los da\u00f1os y perjuicios causados por cualquier acto que vulnere sus derechos de propiedad intelectual o industrial.<\/p><p class=\"titol text-bold text-uppercase \"><strong>EXCLUSI\u00d3N DE RESPONSABILIDAD<\/strong><\/p><p>EL TITULAR act\u00faa con la m\u00e1xima diligencia posible para que los datos y la informaci\u00f3n que ofrece en su sitio web est\u00e9 actualizada en tomo momento, si bien no garantiza ni se hace responsable de la exactitud y actualizaci\u00f3n de los contenidos del sitio web, reserv\u00e1ndose el derecho a modificar dichos contenidos en cualquier momento. EL TITULAR tampoco ser\u00e1 responsable de la informaci\u00f3n que se pueda obtener a trav\u00e9s de enlaces incluidos en el sitio web.<\/p><p>Las relaciones comerciales con los clientes se regir\u00e1n por las Condiciones Generales que, en su caso, se establezcan por EL TITULAR en un documento espec\u00edfico a tal efecto, o por los pactos concretos que pudieran acordarse con los clientes.<\/p><p class=\"titol text-bold text-uppercase \"><strong>CONDICIONES DE USO<\/strong><\/p><p>El uso de este sitio web implica la aceptaci\u00f3n plena de los t\u00e9rminos del presente aviso legal. Los posibles conflictos relativos a esta web se regir\u00e1n exclusivamente por el derecho del Estado Espa\u00f1ol. Toda persona usuaria de la web, independientemente de la jurisdicci\u00f3n territorial desde la cual se produzca su acceso, acepta el cumplimiento y respeto de estas cl\u00e1usulas con renuncia expresa a cualquier otro fuero que pudiera corresponderle.<\/p><\/div><\/div><\/div><\/div><\/div><div id=\"footer\" class=\"footer_light\"><div class=\"container\"><div class=\"section\"><div class=\"col span_1_of_2\"><div class=\"wp-block-columns is-layout-flex wp-container-3 wp-block-columns-is-layout-flex\"><div class=\"wp-block-column is-layout-flow wp-block-column-is-layout-flow\">\u00a0<\/div><\/div><\/div><\/div><\/div><\/div>\t\t\t\t\t\t\t\t<\/div>\n\t\t\t\t<\/div>\n\t\t\t\t\t<\/div>\n\t\t\t\t<\/div>\n\t\t\t\t<\/div>\n\t\t","protected":false},"excerpt":{"rendered":"<p>De conformidad con la Ley 34\/2002, de Servicios de la Sociedad de la Informaci\u00f3n y de Comercio Electr\u00f3nico, le informamos que esta web es titularidad de Luis Cabedo Carretero, (en adelante \u201cEL TITULAR\u201d), con NIF: 35004459T, con domicilio en Campoamor, 49 bajos &#8211; 08204 Sabadell; tel\u00e9fono 93 712 25 22. PROPIEDAD INTELECTUAL E INDUSTRIAL Los&hellip;&nbsp;<a href=\"https:\/\/gestoriacabedo.com\/es\/aviso-legal\/\" rel=\"bookmark\"><span class=\"screen-reader-text\">Aviso legal<\/span><\/a><\/p>\n","protected":false},"author":1,"featured_media":0,"parent":0,"menu_order":0,"comment_status":"closed","ping_status":"closed","template":"page-templates\/template-pagebuilder-full-width.php","meta":{"neve_meta_sidebar":"","neve_meta_container":"","neve_meta_enable_content_width":"off","neve_meta_content_width":100,"neve_meta_title_alignment":"","neve_meta_author_avatar":"","neve_post_elements_order":"","neve_meta_disable_header":"","neve_meta_disable_footer":"","neve_meta_disable_title":"","footnotes":""},"class_list":["post-570","page","type-page","status-publish","hentry"],"yoast_head":"<!-- This site is optimized with the Yoast SEO plugin v26.7 - https:\/\/yoast.com\/wordpress\/plugins\/seo\/ -->\n<title>Aviso legal - Gestor\u00eda Cabedo<\/title>\n<meta name=\"robots\" content=\"index, follow, max-snippet:-1, max-image-preview:large, max-video-preview:-1\" \/>\n<link rel=\"canonical\" href=\"https:\/\/gestoriacabedo.com\/es\/aviso-legal\/\" \/>\n<meta property=\"og:locale\" content=\"es_ES\" \/>\n<meta property=\"og:type\" content=\"article\" \/>\n<meta property=\"og:title\" content=\"Aviso legal - Gestor\u00eda Cabedo\" \/>\n<meta property=\"og:description\" content=\"De conformidad con la Ley 34\/2002, de Servicios de la Sociedad de la Informaci\u00f3n y de Comercio Electr\u00f3nico, le informamos que esta web es titularidad de Luis Cabedo Carretero, (en adelante \u201cEL TITULAR\u201d), con NIF: 35004459T, con domicilio en Campoamor, 49 bajos &#8211; 08204 Sabadell; tel\u00e9fono 93 712 25 22. PROPIEDAD INTELECTUAL E INDUSTRIAL Los&hellip;&nbsp;Aviso legal\" \/>\n<meta property=\"og:url\" content=\"https:\/\/gestoriacabedo.com\/es\/aviso-legal\/\" \/>\n<meta property=\"og:site_name\" content=\"Gestor\u00eda Cabedo\" \/>\n<meta property=\"article:modified_time\" content=\"2023-10-08T10:08:09+00:00\" \/>\n<meta name=\"twitter:card\" content=\"summary_large_image\" \/>\n<meta name=\"twitter:label1\" content=\"Tiempo de lectura\" \/>\n\t<meta name=\"twitter:data1\" content=\"2 minutos\" \/>\n<script type=\"application\/ld+json\" class=\"yoast-schema-graph\">{\"@context\":\"https:\/\/schema.org\",\"@graph\":[{\"@type\":\"WebPage\",\"@id\":\"https:\/\/gestoriacabedo.com\/aviso-legal\/\",\"url\":\"https:\/\/gestoriacabedo.com\/aviso-legal\/\",\"name\":\"Aviso legal - Gestor\u00eda Cabedo\",\"isPartOf\":{\"@id\":\"https:\/\/gestoriacabedo.com\/#website\"},\"datePublished\":\"2023-10-08T09:43:13+00:00\",\"dateModified\":\"2023-10-08T10:08:09+00:00\",\"breadcrumb\":{\"@id\":\"https:\/\/gestoriacabedo.com\/aviso-legal\/#breadcrumb\"},\"inLanguage\":\"es\",\"potentialAction\":[{\"@type\":\"ReadAction\",\"target\":[\"https:\/\/gestoriacabedo.com\/aviso-legal\/\"]}]},{\"@type\":\"BreadcrumbList\",\"@id\":\"https:\/\/gestoriacabedo.com\/aviso-legal\/#breadcrumb\",\"itemListElement\":[{\"@type\":\"ListItem\",\"position\":1,\"name\":\"Portada\",\"item\":\"https:\/\/gestoriacabedo.com\/es\/\"},{\"@type\":\"ListItem\",\"position\":2,\"name\":\"Aviso legal\"}]},{\"@type\":\"WebSite\",\"@id\":\"https:\/\/gestoriacabedo.com\/#website\",\"url\":\"https:\/\/gestoriacabedo.com\/\",\"name\":\"Gestor\u00eda Cabedo\",\"description\":\"\",\"potentialAction\":[{\"@type\":\"SearchAction\",\"target\":{\"@type\":\"EntryPoint\",\"urlTemplate\":\"https:\/\/gestoriacabedo.com\/?s={search_term_string}\"},\"query-input\":{\"@type\":\"PropertyValueSpecification\",\"valueRequired\":true,\"valueName\":\"search_term_string\"}}],\"inLanguage\":\"es\"}]}<\/script>\n<!-- \/ Yoast SEO plugin. -->","yoast_head_json":{"title":"Aviso legal - Gestor\u00eda Cabedo","robots":{"index":"index","follow":"follow","max-snippet":"max-snippet:-1","max-image-preview":"max-image-preview:large","max-video-preview":"max-video-preview:-1"},"canonical":"https:\/\/gestoriacabedo.com\/es\/aviso-legal\/","og_locale":"es_ES","og_type":"article","og_title":"Aviso legal - Gestor\u00eda Cabedo","og_description":"De conformidad con la Ley 34\/2002, de Servicios de la Sociedad de la Informaci\u00f3n y de Comercio Electr\u00f3nico, le informamos que esta web es titularidad de Luis Cabedo Carretero, (en adelante \u201cEL TITULAR\u201d), con NIF: 35004459T, con domicilio en Campoamor, 49 bajos &#8211; 08204 Sabadell; tel\u00e9fono 93 712 25 22. PROPIEDAD INTELECTUAL E INDUSTRIAL Los&hellip;&nbsp;Aviso legal","og_url":"https:\/\/gestoriacabedo.com\/es\/aviso-legal\/","og_site_name":"Gestor\u00eda Cabedo","article_modified_time":"2023-10-08T10:08:09+00:00","twitter_card":"summary_large_image","twitter_misc":{"Tiempo de lectura":"2 minutos"},"schema":{"@context":"https:\/\/schema.org","@graph":[{"@type":"WebPage","@id":"https:\/\/gestoriacabedo.com\/aviso-legal\/","url":"https:\/\/gestoriacabedo.com\/aviso-legal\/","name":"Aviso legal - Gestor\u00eda Cabedo","isPartOf":{"@id":"https:\/\/gestoriacabedo.com\/#website"},"datePublished":"2023-10-08T09:43:13+00:00","dateModified":"2023-10-08T10:08:09+00:00","breadcrumb":{"@id":"https:\/\/gestoriacabedo.com\/aviso-legal\/#breadcrumb"},"inLanguage":"es","potentialAction":[{"@type":"ReadAction","target":["https:\/\/gestoriacabedo.com\/aviso-legal\/"]}]},{"@type":"BreadcrumbList","@id":"https:\/\/gestoriacabedo.com\/aviso-legal\/#breadcrumb","itemListElement":[{"@type":"ListItem","position":1,"name":"Portada","item":"https:\/\/gestoriacabedo.com\/es\/"},{"@type":"ListItem","position":2,"name":"Aviso legal"}]},{"@type":"WebSite","@id":"https:\/\/gestoriacabedo.com\/#website","url":"https:\/\/gestoriacabedo.com\/","name":"Gestor\u00eda Cabedo","description":"","potentialAction":[{"@type":"SearchAction","target":{"@type":"EntryPoint","urlTemplate":"https:\/\/gestoriacabedo.com\/?s={search_term_string}"},"query-input":{"@type":"PropertyValueSpecification","valueRequired":true,"valueName":"search_term_string"}}],"inLanguage":"es"}]}},"_links":{"self":[{"href":"https:\/\/gestoriacabedo.com\/es\/wp-json\/wp\/v2\/pages\/570","targetHints":{"allow":["GET"]}}],"collection":[{"href":"https:\/\/gestoriacabedo.com\/es\/wp-json\/wp\/v2\/pages"}],"about":[{"href":"https:\/\/gestoriacabedo.com\/es\/wp-json\/wp\/v2\/types\/page"}],"author":[{"embeddable":true,"href":"https:\/\/gestoriacabedo.com\/es\/wp-json\/wp\/v2\/users\/1"}],"replies":[{"embeddable":true,"href":"https:\/\/gestoriacabedo.com\/es\/wp-json\/wp\/v2\/comments?post=570"}],"version-history":[{"count":7,"href":"https:\/\/gestoriacabedo.com\/es\/wp-json\/wp\/v2\/pages\/570\/revisions"}],"predecessor-version":[{"id":609,"href":"https:\/\/gestoriacabedo.com\/es\/wp-json\/wp\/v2\/pages\/570\/revisions\/609"}],"wp:attachment":[{"href":"https:\/\/gestoriacabedo.com\/es\/wp-json\/wp\/v2\/media?parent=570"}],"curies":[{"name":"wp","href":"https:\/\/api.w.org\/{rel}","templated":true}]}}